{"id":692,"date":"2018-08-06T15:14:17","date_gmt":"2018-08-06T13:14:17","guid":{"rendered":"https:\/\/www.ecofluide.com\/?page_id=692"},"modified":"2019-12-10T12:04:50","modified_gmt":"2019-12-10T11:04:50","slug":"solutions","status":"publish","type":"page","link":"https:\/\/www.ecofluide.com\/en\/solutions\/","title":{"rendered":"Our solutions"},"content":{"rendered":"<div class=\"vc_row wpb_row vc_row-fluid vc_row-o-equal-height vc_row-o-content-middle vc_row-flex\"><div class=\"wpb_column vc_column_container vc_col-sm-12\"><div class=\"vc_column-inner\"><div class=\"wpb_wrapper\"><h2 style=\"font-size: 2.5rem;text-align: left\" class=\"vc_custom_heading\" >MASTERED TECHNOLOGIES TO SERVE YOUR PROJECTS<\/h2>\n\t<div class=\"wpb_text_column wpb_content_element\" >\n\t\t<div class=\"wpb_wrapper\">\n\t\t\t<p class=\"lead\">Each of our installations adapts to the needs of the customer in order to offer turnkey solutions, allowing to achieve profitable and eco-responsible projects, for which we propose several filtration technologies.<\/p>\n\n\t\t<\/div>\n\t<\/div>\n<\/div><\/div><\/div><\/div><div class=\"vc_row wpb_row vc_row-fluid vc_custom_1500487758460\"><div class=\"wpb_column vc_column_container vc_col-sm-12\"><div class=\"vc_column-inner\"><div class=\"wpb_wrapper\"><div class=\"sort-destination-parent  shadow-border-style owl-arrows-bottom spaced-items light-skin-style   white-bg-style\"><div class=\"row capital-styled-row\"><ul class=\"portfolio-list equal-heighter isotope isotope-grid\" style=\"width:\"><li class=\"col-md-4 col-sm-6 grid-item portfolio-item project-grid-item format-standard  format-link\"><div class=\"grid-item-inner\"><a href=\"https:\/\/www.ecofluide.com\/en\/solution\/filtre-a-cartouche\/\"><div class=\"project-media media-box\"><img loading=\"lazy\" decoding=\"async\" class=\"\" src=\"https:\/\/www.ecofluide.com\/wp-content\/uploads\/2019\/12\/filtre-a-cartouche-600x400.jpg\" width=\"600\" height=\"400\" alt=\"Cartridge filters\" title=\"filter cartridge has\" \/><div class=\"project-overlay\"><\/div><\/div><\/a><div class=\"project-info-static equal-height-column post-item-content\"><h4><a href=\"https:\/\/www.ecofluide.com\/en\/solution\/filtre-a-cartouche\/\"><span class=\"project-name\">Cartridge filter<\/span><\/a><\/h4><\/div><\/div><\/li><li class=\"col-md-4 col-sm-6 grid-item portfolio-item project-grid-item format-standard  format-link\"><div class=\"grid-item-inner\"><a href=\"https:\/\/www.ecofluide.com\/en\/solution\/filtre-a-precouche\/\"><div class=\"project-media media-box\"><img loading=\"lazy\" decoding=\"async\" class=\"\" src=\"https:\/\/www.ecofluide.com\/wp-content\/uploads\/2019\/12\/filtre-a-precouche-600x400.jpg\" width=\"600\" height=\"400\" alt=\"filter has precoat\" title=\"filter has precoat\" \/><div class=\"project-overlay\"><\/div><\/div><\/a><div class=\"project-info-static equal-height-column post-item-content\"><h4><a href=\"https:\/\/www.ecofluide.com\/en\/solution\/filtre-a-precouche\/\"><span class=\"project-name\">Precoat filter<\/span><\/a><\/h4><\/div><\/div><\/li><li class=\"col-md-4 col-sm-6 grid-item portfolio-item project-grid-item format-standard  format-link\"><div class=\"grid-item-inner\"><a href=\"https:\/\/www.ecofluide.com\/en\/solution\/filtre-a-depression\/\"><div class=\"project-media media-box\"><img loading=\"lazy\" decoding=\"async\" class=\"\" src=\"https:\/\/www.ecofluide.com\/wp-content\/uploads\/2019\/12\/filtre-a-depression-scaled-600x400.jpg\" width=\"600\" height=\"400\" alt=\"filter-a-depression\" title=\"filter-a-depression\" \/><div class=\"project-overlay\"><\/div><\/div><\/a><div class=\"project-info-static equal-height-column post-item-content\"><h4><a href=\"https:\/\/www.ecofluide.com\/en\/solution\/filtre-a-depression\/\"><span class=\"project-name\">Vacuum filter<\/span><\/a><\/h4><\/div><\/div><\/li><li class=\"col-md-4 col-sm-6 grid-item portfolio-item project-grid-item format-standard  format-link\"><div class=\"grid-item-inner\"><a href=\"https:\/\/www.ecofluide.com\/en\/solution\/transport-et-traitement-de-copeaux\/\"><div class=\"project-media media-box\"><img loading=\"lazy\" decoding=\"async\" class=\"\" src=\"https:\/\/www.ecofluide.com\/wp-content\/uploads\/2019\/12\/transport-traitement-copeaux-scaled-600x400.jpg\" width=\"600\" height=\"400\" alt=\"trans-processing chip\" title=\"trans-processing chip\" \/><div class=\"project-overlay\"><\/div><\/div><\/a><div class=\"project-info-static equal-height-column post-item-content\"><h4><a href=\"https:\/\/www.ecofluide.com\/en\/solution\/transport-et-traitement-de-copeaux\/\"><span class=\"project-name\">Chip conveying and handling systems<\/span><\/a><\/h4><\/div><\/div><\/li><li class=\"col-md-4 col-sm-6 grid-item portfolio-item project-grid-item format-standard  format-link\"><div class=\"grid-item-inner\"><a href=\"https:\/\/www.ecofluide.com\/en\/solution\/traitement-des-liquides-et-des-rejets\/\"><div class=\"project-media media-box\"><img loading=\"lazy\" decoding=\"async\" class=\"\" src=\"https:\/\/www.ecofluide.com\/wp-content\/uploads\/2019\/12\/traitement-liquides-et-rejets-600x400.jpg\" width=\"600\" height=\"400\" alt=\"treatment-liquid-and-release\" title=\"treatment-liquid-and-release\" \/><div class=\"project-overlay\"><\/div><\/div><\/a><div class=\"project-info-static equal-height-column post-item-content\"><h4><a href=\"https:\/\/www.ecofluide.com\/en\/solution\/traitement-des-liquides-et-des-rejets\/\"><span class=\"project-name\">Liquid and waste treatment<\/span><\/a><\/h4><\/div><\/div><\/li><li class=\"col-md-4 col-sm-6 grid-item portfolio-item project-grid-item format-standard  format-link\"><div class=\"grid-item-inner\"><a href=\"https:\/\/www.ecofluide.com\/en\/solution\/preseparations-peripheries-utilitaires\/\"><div class=\"project-media media-box\"><img loading=\"lazy\" decoding=\"async\" class=\"\" src=\"https:\/\/www.ecofluide.com\/wp-content\/uploads\/2019\/12\/preseparations-peripheries-utilitaires-scaled-600x400.jpg\" width=\"600\" height=\"400\" alt=\"preseparations-peripheries-utilities\" title=\"preseparations-peripheries-utilities\" \/><div class=\"project-overlay\"><\/div><\/div><\/a><div class=\"project-info-static equal-height-column post-item-content\"><h4><a href=\"https:\/\/www.ecofluide.com\/en\/solution\/preseparations-peripheries-utilitaires\/\"><span class=\"project-name\">Pre-separators, filtration auxiliary equipment and plant utilities<\/span><\/a><\/h4><\/div><\/div><\/li><li class=\"col-md-4 col-sm-6 grid-item portfolio-item project-grid-item format-standard  format-link\"><div class=\"grid-item-inner\"><a href=\"https:\/\/www.ecofluide.com\/en\/solution\/equipement-en-location\/\"><div class=\"project-media media-box\"><img loading=\"lazy\" decoding=\"async\" class=\"\" src=\"https:\/\/www.ecofluide.com\/wp-content\/uploads\/2020\/10\/equipement-de-filtration-en-location-600x400.jpg\" width=\"600\" height=\"400\" alt=\"Filtration equipment for rent\" title=\"\" \/><div class=\"project-overlay\"><\/div><\/div><\/a><div class=\"project-info-static equal-height-column post-item-content\"><h4><a href=\"https:\/\/www.ecofluide.com\/en\/solution\/equipement-en-location\/\"><span class=\"project-name\">Filtration equipment for rent<\/span><\/a><\/h4><\/div><\/div><\/li><\/ul><\/div><\/div><\/div><\/div><\/div><\/div>","protected":false},"excerpt":{"rendered":"Equipement de filtration en location Pour vous permettre de r\u00e9aliser vos essais de produits, tests machines, surplus de production, production courte dur\u00e9e n\u00e9cessitant une bonne filtration, ou d\u00e9pannage, nous vous proposons diff\u00e9rents \u00e9quipements de filtration autonomes en location pour : Huile et huile soluble - De 5 \u00e0 70 m\u00b3\/h - Filtration de 10 \u00e0 100\u00b5 - R\u00e9gulation de temp\u00e9rature - Compacte Produits lessiviels - De 5 \u00e0 30 m\u00b3\/h - Filtration de 50 \u00e0 100\u00b5 - R\u00e9gulation de temp\u00e9rature - Possibilit\u00e9 de d\u00e9shuiler Equipement de filtration en location","protected":false},"author":1,"featured_media":897,"parent":0,"menu_order":50,"comment_status":"closed","ping_status":"closed","template":"","meta":{"footnotes":""},"_links":{"self":[{"href":"https:\/\/www.ecofluide.com\/en\/wp-json\/wp\/v2\/pages\/692"}],"collection":[{"href":"https:\/\/www.ecofluide.com\/en\/wp-json\/wp\/v2\/pages"}],"about":[{"href":"https:\/\/www.ecofluide.com\/en\/wp-json\/wp\/v2\/types\/page"}],"author":[{"embeddable":true,"href":"https:\/\/www.ecofluide.com\/en\/wp-json\/wp\/v2\/users\/1"}],"replies":[{"embeddable":true,"href":"https:\/\/www.ecofluide.com\/en\/wp-json\/wp\/v2\/comments?post=692"}],"version-history":[{"count":23,"href":"https:\/\/www.ecofluide.com\/en\/wp-json\/wp\/v2\/pages\/692\/revisions"}],"predecessor-version":[{"id":1322,"href":"https:\/\/www.ecofluide.com\/en\/wp-json\/wp\/v2\/pages\/692\/revisions\/1322"}],"wp:featuredmedia":[{"embeddable":true,"href":"https:\/\/www.ecofluide.com\/en\/wp-json\/wp\/v2\/media\/897"}],"wp:attachment":[{"href":"https:\/\/www.ecofluide.com\/en\/wp-json\/wp\/v2\/media?parent=692"}],"curies":[{"name":"wp","href":"https:\/\/api.w.org\/{rel}","templated":true}]}}