{"id":637,"date":"2018-07-06T13:05:24","date_gmt":"2018-07-06T11:05:24","guid":{"rendered":"https:\/\/www.ecofluide.com\/?page_id=637"},"modified":"2019-12-11T16:38:45","modified_gmt":"2019-12-11T15:38:45","slug":"savoir-faire","status":"publish","type":"page","link":"https:\/\/www.ecofluide.com\/es\/savoir-faire\/","title":{"rendered":"Nuestra experiencia"},"content":{"rendered":"<div class=\"vc_row wpb_row vc_row-fluid\"><div class=\"wpb_column vc_column_container vc_col-sm-12\"><div class=\"vc_column-inner\"><div class=\"wpb_wrapper\"><div class=\"shadow-border-style owl-arrows-bottom spaced-items light-skin-style   white-bg-style\"><div class=\"row capital-styled-row\"><ul class=\"grid-holder equal-heighter isotope gallery-items services-list\" data-sort-id=\"gallery\" style=\"width:\"><li class=\"col-md-4 col-sm-6 grid-item service-grid-item format-standard thumbnail-service-media\">\n\t\t\t\t\t<div class=\"grid-item-inner\"><div class=\"service-media\"><div class=\"service-imagen\"><img loading=\"lazy\" decoding=\"async\" class=\"\" src=\"https:\/\/www.ecofluide.com\/wp-content\/uploads\/2018\/07\/AVANT-PROJET_SF_ENCART450X205.jpg\" width=\"450\" height=\"205\" alt=\"PRE-PROJECT_SF_ENCART450X205\" title=\"PRE-PROJECT_SF_ENCART450X205\" \/><\/div><\/div><div class=\"service-item-grid-content equal-height-column post-item-content\"><h4 class=\"style-title\">Anteproyecto<\/h4><div class=\"post-item-excerpt\"><p>Le asesoramos para satisfacer sus necesidades con mayor eficacia. <\/p><\/div><\/div><\/li><li class=\"col-md-4 col-sm-6 grid-item service-grid-item format-standard thumbnail-service-media\">\n\t\t\t\t\t<div class=\"grid-item-inner\"><div class=\"service-media\"><div class=\"service-imagen\"><img loading=\"lazy\" decoding=\"async\" class=\"\" src=\"https:\/\/www.ecofluide.com\/wp-content\/uploads\/2017\/07\/ENGINEERING_SF_ENCART450X205.jpg\" width=\"450\" height=\"205\" alt=\"INGENIER\u00cdA_SF_ENCART450X205\" title=\"INGENIER\u00cdA_SF_ENCART450X205\" \/><\/div><\/div><div class=\"service-item-grid-content equal-height-column post-item-content\"><h4 class=\"style-title\">Ingenieria<\/h4><div class=\"post-item-excerpt\"><p>AUTOCAD, SOLIDWORKS, SEE ELECTRICAL, EPLAN. Nuestros equipos se adaptan a sus necesidades para programaciones en todo tipo de software. <\/p><\/div><\/div><\/li><li class=\"col-md-4 col-sm-6 grid-item service-grid-item format-standard thumbnail-service-media\">\n\t\t\t\t\t<div class=\"grid-item-inner\"><div class=\"service-media\"><div class=\"service-imagen\"><img loading=\"lazy\" decoding=\"async\" class=\"\" src=\"https:\/\/www.ecofluide.com\/wp-content\/uploads\/2017\/07\/FABRICATION_SF_ENCART450X205.jpg\" width=\"450\" height=\"205\" alt=\"FABRICATION_SF_ENCART450X205\" title=\"FABRICATION_SF_ENCART450X205\" \/><\/div><\/div><div class=\"service-item-grid-content equal-height-column post-item-content\"><h4 class=\"style-title\">Fabricaci\u00f3n<\/h4><div class=\"post-item-excerpt\"><p>La fabricaci\u00f3n en nuestros talleres especializados garantiza una alta calidad de ejecuci\u00f3n. <\/p><\/div><\/div><\/li><li class=\"col-md-4 col-sm-6 grid-item service-grid-item format-standard thumbnail-service-media\">\n\t\t\t\t\t<div class=\"grid-item-inner\"><div class=\"service-media\"><div class=\"service-imagen\"><img loading=\"lazy\" decoding=\"async\" class=\"\" src=\"https:\/\/www.ecofluide.com\/wp-content\/uploads\/2017\/07\/INSTALLATION_SF_ENCART450X205-1.jpg\" width=\"450\" height=\"205\" alt=\"INSTALLATION_SF_ENCART450X205\" title=\"INSTALLATION_SF_ENCART450X205\" \/><\/div><\/div><div class=\"service-item-grid-content equal-height-column post-item-content\"><h4 class=\"style-title\">Instalaci\u00f3n<\/h4><div class=\"post-item-excerpt\"><p>Proporcionamos equipos de montaje en todo el mundo. <\/p><\/div><\/div><\/li><li class=\"col-md-4 col-sm-6 grid-item service-grid-item format-standard thumbnail-service-media\">\n\t\t\t\t\t<div class=\"grid-item-inner\"><div class=\"service-media\"><div class=\"service-imagen\"><img loading=\"lazy\" decoding=\"async\" class=\"\" src=\"https:\/\/www.ecofluide.com\/wp-content\/uploads\/2017\/07\/FORMATION_SF_ENCART450X205.jpg\" width=\"450\" height=\"205\" alt=\"FORMATION_SF_ENCART450X205\" title=\"FORMATION_SF_ENCART450X205\" \/><\/div><\/div><div class=\"service-item-grid-content equal-height-column post-item-content\"><h4 class=\"style-title\">Formaci\u00f3n<\/h4><div class=\"post-item-excerpt\"><p>Ofrecemos una formaci\u00f3n completa que asegura el funcionamiento y mantenimiento de su instalaci\u00f3n. <\/p><\/div><\/div><\/li><li class=\"col-md-4 col-sm-6 grid-item service-grid-item format-standard thumbnail-service-media\">\n\t\t\t\t\t<div class=\"grid-item-inner\"><div class=\"service-media\"><div class=\"service-imagen\"><img loading=\"lazy\" decoding=\"async\" class=\"\" src=\"https:\/\/www.ecofluide.com\/wp-content\/uploads\/2017\/07\/SAV_SAVOIR-FAIRE_ENCART_450X205.jpg\" width=\"450\" height=\"205\" alt=\"SAV_SAVOIR-FAIRE_ENCART_450X205\" title=\"SAV_SAVOIR-FAIRE_ENCART_450X205\" \/><\/div><\/div><div class=\"service-item-grid-content equal-height-column post-item-content\"><h4 class=\"style-title\">Postventa \/ Mantenimiento<\/h4><div class=\"post-item-excerpt\"><p>Un \u00e1rea dedicada a los repuestos y al mantenimiento de los sistemas se encuentra a su disposici\u00f3n para responder de manera r\u00e1pida y eficaz a sus requerimientos. <\/p><\/div><\/div><\/li><li class=\"col-md-4 col-sm-6 grid-item service-grid-item format-standard thumbnail-service-media\">\n\t\t\t\t\t<div class=\"grid-item-inner\"><div class=\"service-media\"><div class=\"service-imagen\"><img loading=\"lazy\" decoding=\"async\" class=\"\" src=\"https:\/\/www.ecofluide.com\/wp-content\/uploads\/2017\/07\/EXPERTISE_SF_ENCART450X205-1.jpg\" width=\"450\" height=\"205\" alt=\"EXPERTISE_SF_ENCART450X205\" title=\"EXPERTISE_SF_ENCART450X205\" \/><\/div><\/div><div class=\"service-item-grid-content equal-height-column post-item-content\"><h4 class=\"style-title\">Experticia<\/h4><div class=\"post-item-excerpt\"><p>Acompa\u00f1amos y asistimos a nuestros clientes hasta la resoluci\u00f3n de cualquier problema identificado en todo tipo de instalaci\u00f3n. <\/p><\/div><\/div><\/li><li class=\"col-md-4 col-sm-6 grid-item service-grid-item format-standard thumbnail-service-media\">\n\t\t\t\t\t<div class=\"grid-item-inner\"><div class=\"service-media\"><div class=\"service-imagen\"><img loading=\"lazy\" decoding=\"async\" class=\"\" src=\"https:\/\/www.ecofluide.com\/wp-content\/uploads\/2017\/07\/LOCATION_SF_ENCART450X205.jpg\" width=\"450\" height=\"205\" alt=\"LOCATION_SF_ENCART450X205\" title=\"LOCATION_SF_ENCART450X205\" \/><\/div><\/div><div class=\"service-item-grid-content equal-height-column post-item-content\"><h4 class=\"style-title\">Alquiler<\/h4><div class=\"post-item-excerpt\"><p>Disponemos de un amplio parque de maquinaria a su disposici\u00f3n. <\/p><\/div><\/div><\/li><\/ul><\/div><\/div><div class=\"pagination-wrap\"><\/div><\/div><\/div><\/div><\/div>","protected":false},"excerpt":{"rendered":"Workforce Optimization Un parc machines \u00e0 votre disposition Analysis report Provides the statistics of the different quality scores and the scoreboard can provide information on various aspects of operational efficiency. Notre mission est avant tout de bien comprendre votre besoin afin de concevoir des \u00e9l\u00e9ments sur mesure faisant partie int\u00e9grante du maillon de la cha\u00eene de production. Pascal MilliotPr\u00e9sidentTask assignment strategyProcess Workforce optimization is a strategy used in business with focus on maximum customer satisfaction and benefits with minimal operational costs and supported by integrated technologies, cross-functional processes and shared objectives. Management Workforce optimization is a strategy used in business with focus on maximum customer satisfaction and benefits with minimal operational costs and supported by integrated technologies, cross-functional processes and shared objectives. Strategy Workforce optimization is a strategy used in business with focus on maximum customer satisfaction and benefits with minimal operational costs and supported by integrated technologies, cross-functional processes and shared objectives. ProcessManagementStrategy Provides the statistics of the different quality scores and the scoreboard can provide information on various aspects of operational efficiency. Related Projects Filtre \u00e0 cartouche Filtre \u00e0 pr\u00e9couche Filtre \u00e0 d\u00e9pression Transport et traitement de copeaux","protected":false},"author":1,"featured_media":901,"parent":0,"menu_order":60,"comment_status":"closed","ping_status":"closed","template":"","meta":{"footnotes":""},"_links":{"self":[{"href":"https:\/\/www.ecofluide.com\/es\/wp-json\/wp\/v2\/pages\/637"}],"collection":[{"href":"https:\/\/www.ecofluide.com\/es\/wp-json\/wp\/v2\/pages"}],"about":[{"href":"https:\/\/www.ecofluide.com\/es\/wp-json\/wp\/v2\/types\/page"}],"author":[{"embeddable":true,"href":"https:\/\/www.ecofluide.com\/es\/wp-json\/wp\/v2\/users\/1"}],"replies":[{"embeddable":true,"href":"https:\/\/www.ecofluide.com\/es\/wp-json\/wp\/v2\/comments?post=637"}],"version-history":[{"count":13,"href":"https:\/\/www.ecofluide.com\/es\/wp-json\/wp\/v2\/pages\/637\/revisions"}],"predecessor-version":[{"id":1334,"href":"https:\/\/www.ecofluide.com\/es\/wp-json\/wp\/v2\/pages\/637\/revisions\/1334"}],"wp:featuredmedia":[{"embeddable":true,"href":"https:\/\/www.ecofluide.com\/es\/wp-json\/wp\/v2\/media\/901"}],"wp:attachment":[{"href":"https:\/\/www.ecofluide.com\/es\/wp-json\/wp\/v2\/media?parent=637"}],"curies":[{"name":"wp","href":"https:\/\/api.w.org\/{rel}","templated":true}]}}