{"id":618,"date":"2018-07-06T12:31:06","date_gmt":"2018-07-06T10:31:06","guid":{"rendered":"https:\/\/www.ecofluide.com\/?page_id=618"},"modified":"2020-02-10T18:35:21","modified_gmt":"2020-02-10T17:35:21","slug":"historique","status":"publish","type":"page","link":"https:\/\/www.ecofluide.com\/fr\/presentation\/historique\/","title":{"rendered":"Historique"},"content":{"rendered":"<div class=\"vc_row wpb_row vc_row-fluid\"><div class=\"wpb_column vc_column_container vc_col-sm-9\"><div class=\"vc_column-inner\"><div class=\"wpb_wrapper\"><h2 style=\"font-size: 2.5rem;text-align: left\" class=\"vc_custom_heading\" >HISTORIQUE DE L'ENTREPRISE<\/h2>\n\t<div class=\"wpb_text_column wpb_content_element \" >\n\t\t<div class=\"wpb_wrapper\">\n\t\t\t<p class=\"lead\">CATS &#8211; ECOFLUIDE f\u00eate ses 40 ans en 2019 ! Nous vous invitons \u00e0 faire un tour d&rsquo;horizon sur les principales \u00e9tapes de l&rsquo;histoire de notre enseigne.<\/p>\n\n\t\t<\/div>\n\t<\/div>\n\n<div class=\"timeline \">\n\t\t\t<div class=\"column\">\n\t<div class=\"title\">\n\t\t<span class=\"label label-primary\">1979<\/span>\n\t\t<h3>Cr\u00e9ation de la soci\u00e9t\u00e9 <\/h3>\n\t<\/div>\n\t<div class=\"description\">\n\t\t<p><\/p>\n\t<\/div>\n<\/div><div class=\"column\">\n\t<div class=\"title\">\n\t\t<span class=\"label label-primary\">2007<\/span>\n\t\t<h3>Int\u00e9gration au sein du groupe CATS<\/h3>\n\t<\/div>\n\t<div class=\"description\">\n\t\t<p><\/p>\n\t<\/div>\n<\/div><div class=\"column\">\n\t<div class=\"title\">\n\t\t<span class=\"label label-primary\">2009<\/span>\n\t\t<h3>Cr\u00e9ation J. V. Haimen Ecofluide Chine<\/h3>\n\t<\/div>\n\t<div class=\"description\">\n\t\t<p><\/p>\n\t<\/div>\n<\/div><div class=\"column\">\n\t<div class=\"title\">\n\t\t<span class=\"label label-primary\">2010<\/span>\n\t\t<h3>Construction de nos ateliers de production en Roumanie<\/h3>\n\t<\/div>\n\t<div class=\"description\">\n\t\t<p><\/p>\n\t<\/div>\n<\/div><div class=\"column\">\n\t<div class=\"title\">\n\t\t<span class=\"label label-primary\"><\/span>\n\t\t<h3><\/h3>\n\t<\/div>\n\t<div class=\"description\">\n\t\t<p><\/p>\n\t<\/div>\n<\/div>\t<\/div><\/div><\/div><\/div><div class=\"wpb_column vc_column_container vc_col-sm-3 vc_hidden-sm vc_hidden-xs\"><div class=\"vc_column-inner\"><div class=\"wpb_wrapper\">\n<div class=\"capital_custom_sidebar\">\n\t<style type=\"text\/css\" scoped>\n\t\t.vc_custom_1575627009919{margin-bottom: 0px !important;}.vc_custom_1575627249492{margin-bottom: 0px !important;padding-top: 25px !important;padding-right: 25px !important;padding-bottom: 25px !important;padding-left: 25px !important;background-color: #111c24 !important;}\t<\/style>\n\t<div class=\"vc_row wpb_row vc_row-fluid\"><div class=\"wpb_column vc_column_container vc_col-sm-12\"><div class=\"vc_column-inner\"><div class=\"wpb_wrapper\"><div  class=\"vc_wp_custommenu wpb_content_element\"><\/div>\n\t<div  class=\"wpb_single_image wpb_content_element vc_align_left  vc_custom_1575627009919\">\n\t\t\n\t\t<figure class=\"wpb_wrapper vc_figure\">\n\t\t\t<div class=\"vc_single_image-wrapper   vc_box_border_grey\"><img loading=\"lazy\" decoding=\"async\" width=\"300\" height=\"224\" src=\"https:\/\/www.ecofluide.com\/wp-content\/uploads\/2017\/07\/couverture-plaquette-300x224.png\" class=\"vc_single_image-img attachment-medium\" alt=\"\" srcset=\"https:\/\/www.ecofluide.com\/wp-content\/uploads\/2017\/07\/couverture-plaquette-300x224.png 300w, https:\/\/www.ecofluide.com\/wp-content\/uploads\/2017\/07\/couverture-plaquette-768x574.png 768w, https:\/\/www.ecofluide.com\/wp-content\/uploads\/2017\/07\/couverture-plaquette.png 812w\" sizes=\"(max-width: 300px) 100vw, 300px\" \/><\/div>\n\t\t<\/figure>\n\t<\/div>\n\n\t<div class=\"wpb_text_column wpb_content_element  vc_custom_1575627249492\" >\n\t\t<div class=\"wpb_wrapper\">\n\t\t\t<p><span style=\"color: #eee;\">Nous vous invitons \u00e0 t\u00e9l\u00e9charger la brochure de CATS ECOFLUIDE, vous y retrouverez toutes les informations essentielles et pratiques sur notre soci\u00e9t\u00e9 ainsi qu\u2019une pr\u00e9sentation g\u00e9n\u00e9rale des nos diff\u00e9rents services et produits.<\/span><\/p>\n\n\t\t<\/div>\n\t<\/div>\n<div class=\"vc_btn3-container vc_btn3-left\"><a class=\"vc_general vc_btn3 vc_btn3-size-md vc_btn3-shape-square vc_btn3-style-flat vc_btn3-block vc_btn3-icon-left vc_btn3-color-theme_secondary_btn\" href=\"\/wp-content\/uploads\/2019\/12\/ecofluide-presentation-english.pdf\" title=\"\" target=\"_blank\"><i class=\"vc_btn3-icon vc-material vc-material-picture_as_pdf\"><\/i> T\u00e9l\u00e9charger notre brochure<\/a><\/div>\n<div class=\" no-border-style owl-arrows-bottom spaced-items testimonials-style1 light-skin-style   no-bg-style\"><div class=\"carousel-wrapper\"><div class=\"capital-styled-row equal-heighter carousel-pagination-active\"><ul class=\"owl-carousel carousel-fw testimonials-carousel\" data-columns=\"1\" data-autoplay=\"yes\" data-autoplay-timeout=\"\" data-pagination=\"yes\" data-arrows=\"no\" data-rtl=\"no\" data-loop=\"yes\" data-margin=\"25\" data-padding=\"\"><li class=\"item testimonial-item testimonial-grid-item\">\n\t\t\t\t\t<div class=\"post-item-content equal-height-column\"><blockquote>Notre mission est avant tout de bien comprendre votre besoin afin de concevoir des \u00e9l\u00e9ments sur mesure faisant partie int\u00e9grante du maillon de la cha\u00eene de production. \r\n<\/blockquote><div class=\"testimonial-info\"><cite><span><span><strong>Pascal Milliot<\/strong>Pr\u00e9sident<\/span><\/span><\/cite><\/div><\/div><\/li><\/ul><\/div><\/div><\/div><\/div><\/div><\/div><\/div>\n<\/div><\/div><\/div><\/div><\/div>\n","protected":false},"excerpt":{"rendered":"","protected":false},"author":1,"featured_media":902,"parent":616,"menu_order":40,"comment_status":"closed","ping_status":"closed","template":"","meta":{"footnotes":""},"_links":{"self":[{"href":"https:\/\/www.ecofluide.com\/fr\/wp-json\/wp\/v2\/pages\/618"}],"collection":[{"href":"https:\/\/www.ecofluide.com\/fr\/wp-json\/wp\/v2\/pages"}],"about":[{"href":"https:\/\/www.ecofluide.com\/fr\/wp-json\/wp\/v2\/types\/page"}],"author":[{"embeddable":true,"href":"https:\/\/www.ecofluide.com\/fr\/wp-json\/wp\/v2\/users\/1"}],"replies":[{"embeddable":true,"href":"https:\/\/www.ecofluide.com\/fr\/wp-json\/wp\/v2\/comments?post=618"}],"version-history":[{"count":8,"href":"https:\/\/www.ecofluide.com\/fr\/wp-json\/wp\/v2\/pages\/618\/revisions"}],"predecessor-version":[{"id":1398,"href":"https:\/\/www.ecofluide.com\/fr\/wp-json\/wp\/v2\/pages\/618\/revisions\/1398"}],"up":[{"embeddable":true,"href":"https:\/\/www.ecofluide.com\/fr\/wp-json\/wp\/v2\/pages\/616"}],"wp:featuredmedia":[{"embeddable":true,"href":"https:\/\/www.ecofluide.com\/fr\/wp-json\/wp\/v2\/media\/902"}],"wp:attachment":[{"href":"https:\/\/www.ecofluide.com\/fr\/wp-json\/wp\/v2\/media?parent=618"}],"curies":[{"name":"wp","href":"https:\/\/api.w.org\/{rel}","templated":true}]}}