{"id":692,"date":"2018-08-06T15:14:17","date_gmt":"2018-08-06T13:14:17","guid":{"rendered":"https:\/\/www.ecofluide.com\/?page_id=692"},"modified":"2019-12-10T12:04:50","modified_gmt":"2019-12-10T11:04:50","slug":"solutions","status":"publish","type":"page","link":"https:\/\/www.ecofluide.com\/fr\/solutions\/","title":{"rendered":"Nos solutions"},"content":{"rendered":"<div class=\"vc_row wpb_row vc_row-fluid vc_row-o-equal-height vc_row-o-content-middle vc_row-flex\"><div class=\"wpb_column vc_column_container vc_col-sm-12\"><div class=\"vc_column-inner\"><div class=\"wpb_wrapper\"><h2 style=\"font-size: 2.5rem;text-align: left\" class=\"vc_custom_heading\" >DES TECHNOLOGIES MA\u00ceTRIS\u00c9ES AU SERVICE DE VOS PROJETS<\/h2>\n\t<div class=\"wpb_text_column wpb_content_element \" >\n\t\t<div class=\"wpb_wrapper\">\n\t\t\t<p class=\"lead\">Chacune de nos installations, s&rsquo;adapte aux besoins du client afin d&rsquo;offrir des solutions cl\u00e9s en main, permettant de r\u00e9aliser des projets rentables et \u00e9co-responsables,\u00a0 pour cela plusieurs technologies de filtration vous sont propos\u00e9es.<\/p>\n\n\t\t<\/div>\n\t<\/div>\n<\/div><\/div><\/div><\/div><div class=\"vc_row wpb_row vc_row-fluid vc_custom_1500487758460\"><div class=\"wpb_column vc_column_container vc_col-sm-12\"><div class=\"vc_column-inner\"><div class=\"wpb_wrapper\"><div class=\"sort-destination-parent  shadow-border-style owl-arrows-bottom spaced-items light-skin-style   white-bg-style\"><div class=\"row capital-styled-row\"><ul class=\"portfolio-list equal-heighter isotope isotope-grid\" style=\"width:\"><li class=\"col-md-4 col-sm-6 grid-item portfolio-item project-grid-item format-standard  format-link\"><div class=\"grid-item-inner\"><a href=\"https:\/\/www.ecofluide.com\/fr\/solution\/filtre-a-cartouche\/\"><div class=\"project-media media-box\"><img loading=\"lazy\" decoding=\"async\" class=\"\" src=\"https:\/\/www.ecofluide.com\/wp-content\/uploads\/2019\/12\/filtre-a-cartouche-600x400.jpg\" width=\"600\" height=\"400\" alt=\"Filtres \u00e0 cartouches\" title=\"filtre-a-cartouche\" \/><div class=\"project-overlay\"><\/div><\/div><\/a><div class=\"project-info-static equal-height-column post-item-content\"><h4><a href=\"https:\/\/www.ecofluide.com\/fr\/solution\/filtre-a-cartouche\/\"><span class=\"project-name\">Filtre \u00e0 cartouche<\/span><\/a><\/h4><\/div><\/div><\/li><li class=\"col-md-4 col-sm-6 grid-item portfolio-item project-grid-item format-standard  format-link\"><div class=\"grid-item-inner\"><a href=\"https:\/\/www.ecofluide.com\/fr\/solution\/filtre-a-precouche\/\"><div class=\"project-media media-box\"><img loading=\"lazy\" decoding=\"async\" class=\"\" src=\"https:\/\/www.ecofluide.com\/wp-content\/uploads\/2019\/12\/filtre-a-precouche-600x400.jpg\" width=\"600\" height=\"400\" alt=\"filtre-a-precouche\" title=\"filtre-a-precouche\" \/><div class=\"project-overlay\"><\/div><\/div><\/a><div class=\"project-info-static equal-height-column post-item-content\"><h4><a href=\"https:\/\/www.ecofluide.com\/fr\/solution\/filtre-a-precouche\/\"><span class=\"project-name\">Filtre \u00e0 pr\u00e9couche<\/span><\/a><\/h4><\/div><\/div><\/li><li class=\"col-md-4 col-sm-6 grid-item portfolio-item project-grid-item format-standard  format-link\"><div class=\"grid-item-inner\"><a href=\"https:\/\/www.ecofluide.com\/fr\/solution\/filtre-a-depression\/\"><div class=\"project-media media-box\"><img loading=\"lazy\" decoding=\"async\" class=\"\" src=\"https:\/\/www.ecofluide.com\/wp-content\/uploads\/2019\/12\/filtre-a-depression-scaled-600x400.jpg\" width=\"600\" height=\"400\" alt=\"filtre-a-depression\" title=\"filtre-a-depression\" \/><div class=\"project-overlay\"><\/div><\/div><\/a><div class=\"project-info-static equal-height-column post-item-content\"><h4><a href=\"https:\/\/www.ecofluide.com\/fr\/solution\/filtre-a-depression\/\"><span class=\"project-name\">Filtre \u00e0 d\u00e9pression<\/span><\/a><\/h4><\/div><\/div><\/li><li class=\"col-md-4 col-sm-6 grid-item portfolio-item project-grid-item format-standard  format-link\"><div class=\"grid-item-inner\"><a href=\"https:\/\/www.ecofluide.com\/fr\/solution\/transport-et-traitement-de-copeaux\/\"><div class=\"project-media media-box\"><img loading=\"lazy\" decoding=\"async\" class=\"\" src=\"https:\/\/www.ecofluide.com\/wp-content\/uploads\/2019\/12\/transport-traitement-copeaux-scaled-600x400.jpg\" width=\"600\" height=\"400\" alt=\"transport-traitement-copeaux\" title=\"transport-traitement-copeaux\" \/><div class=\"project-overlay\"><\/div><\/div><\/a><div class=\"project-info-static equal-height-column post-item-content\"><h4><a href=\"https:\/\/www.ecofluide.com\/fr\/solution\/transport-et-traitement-de-copeaux\/\"><span class=\"project-name\">Transport et traitement de copeaux<\/span><\/a><\/h4><\/div><\/div><\/li><li class=\"col-md-4 col-sm-6 grid-item portfolio-item project-grid-item format-standard  format-link\"><div class=\"grid-item-inner\"><a href=\"https:\/\/www.ecofluide.com\/fr\/solution\/traitement-des-liquides-et-des-rejets\/\"><div class=\"project-media media-box\"><img loading=\"lazy\" decoding=\"async\" class=\"\" src=\"https:\/\/www.ecofluide.com\/wp-content\/uploads\/2019\/12\/traitement-liquides-et-rejets-600x400.jpg\" width=\"600\" height=\"400\" alt=\"traitement-liquides-et-rejets\" title=\"traitement-liquides-et-rejets\" \/><div class=\"project-overlay\"><\/div><\/div><\/a><div class=\"project-info-static equal-height-column post-item-content\"><h4><a href=\"https:\/\/www.ecofluide.com\/fr\/solution\/traitement-des-liquides-et-des-rejets\/\"><span class=\"project-name\">Traitement des liquides et des rejets<\/span><\/a><\/h4><\/div><\/div><\/li><li class=\"col-md-4 col-sm-6 grid-item portfolio-item project-grid-item format-standard  format-link\"><div class=\"grid-item-inner\"><a href=\"https:\/\/www.ecofluide.com\/fr\/solution\/preseparations-peripheries-utilitaires\/\"><div class=\"project-media media-box\"><img loading=\"lazy\" decoding=\"async\" class=\"\" src=\"https:\/\/www.ecofluide.com\/wp-content\/uploads\/2019\/12\/preseparations-peripheries-utilitaires-scaled-600x400.jpg\" width=\"600\" height=\"400\" alt=\"preseparations-peripheries-utilitaires\" title=\"preseparations-peripheries-utilitaires\" \/><div class=\"project-overlay\"><\/div><\/div><\/a><div class=\"project-info-static equal-height-column post-item-content\"><h4><a href=\"https:\/\/www.ecofluide.com\/fr\/solution\/preseparations-peripheries-utilitaires\/\"><span class=\"project-name\">Pr\u00e9s\u00e9parations, p\u00e9riph\u00e9ries et utilitaires<\/span><\/a><\/h4><\/div><\/div><\/li><li class=\"col-md-4 col-sm-6 grid-item portfolio-item project-grid-item format-standard  format-link\"><div class=\"grid-item-inner\"><a href=\"https:\/\/www.ecofluide.com\/fr\/solution\/equipement-en-location\/\"><div class=\"project-media media-box\"><img loading=\"lazy\" decoding=\"async\" class=\"\" src=\"https:\/\/www.ecofluide.com\/wp-content\/uploads\/2020\/10\/equipement-de-filtration-en-location-600x400.jpg\" width=\"600\" height=\"400\" alt=\"Equipement de filtration en location\" title=\"\" \/><div class=\"project-overlay\"><\/div><\/div><\/a><div class=\"project-info-static equal-height-column post-item-content\"><h4><a href=\"https:\/\/www.ecofluide.com\/fr\/solution\/equipement-en-location\/\"><span class=\"project-name\">Equipement de filtration en location<\/span><\/a><\/h4><\/div><\/div><\/li><\/ul><\/div><\/div><\/div><\/div><\/div><\/div>\n","protected":false},"excerpt":{"rendered":"Equipement de filtration en location Pour vous permettre de r\u00e9aliser vos essais de produits, tests machines, surplus de production, production courte dur\u00e9e n\u00e9cessitant une bonne filtration, ou d\u00e9pannage, nous vous proposons diff\u00e9rents \u00e9quipements de filtration autonomes en location pour : Huile et huile soluble - De 5 \u00e0 70 m\u00b3\/h - Filtration de 10 \u00e0 100\u00b5 - R\u00e9gulation de temp\u00e9rature - Compacte Produits lessiviels - De 5 \u00e0 30 m\u00b3\/h - Filtration de 50 \u00e0 100\u00b5 - R\u00e9gulation de temp\u00e9rature - Possibilit\u00e9 de d\u00e9shuiler Equipement de filtration en location","protected":false},"author":1,"featured_media":897,"parent":0,"menu_order":50,"comment_status":"closed","ping_status":"closed","template":"","meta":{"footnotes":""},"_links":{"self":[{"href":"https:\/\/www.ecofluide.com\/fr\/wp-json\/wp\/v2\/pages\/692"}],"collection":[{"href":"https:\/\/www.ecofluide.com\/fr\/wp-json\/wp\/v2\/pages"}],"about":[{"href":"https:\/\/www.ecofluide.com\/fr\/wp-json\/wp\/v2\/types\/page"}],"author":[{"embeddable":true,"href":"https:\/\/www.ecofluide.com\/fr\/wp-json\/wp\/v2\/users\/1"}],"replies":[{"embeddable":true,"href":"https:\/\/www.ecofluide.com\/fr\/wp-json\/wp\/v2\/comments?post=692"}],"version-history":[{"count":23,"href":"https:\/\/www.ecofluide.com\/fr\/wp-json\/wp\/v2\/pages\/692\/revisions"}],"predecessor-version":[{"id":1322,"href":"https:\/\/www.ecofluide.com\/fr\/wp-json\/wp\/v2\/pages\/692\/revisions\/1322"}],"wp:featuredmedia":[{"embeddable":true,"href":"https:\/\/www.ecofluide.com\/fr\/wp-json\/wp\/v2\/media\/897"}],"wp:attachment":[{"href":"https:\/\/www.ecofluide.com\/fr\/wp-json\/wp\/v2\/media?parent=692"}],"curies":[{"name":"wp","href":"https:\/\/api.w.org\/{rel}","templated":true}]}}