{"id":624,"date":"2018-07-06T12:46:20","date_gmt":"2018-07-06T10:46:20","guid":{"rendered":"https:\/\/www.ecofluide.com\/?page_id=624"},"modified":"2020-01-14T09:06:39","modified_gmt":"2020-01-14T08:06:39","slug":"contact","status":"publish","type":"page","link":"https:\/\/www.ecofluide.com\/it\/contact\/","title":{"rendered":"Contatti"},"content":{"rendered":"<div data-vc-full-width=\"true\" data-vc-full-width-init=\"false\" class=\"vc_row wpb_row vc_row-fluid vc_custom_1535022489802 vc_row-has-fill\"><div class=\"wpb_column vc_column_container vc_col-sm-6 vc_col-has-fill\"><div class=\"vc_column-inner vc_custom_1537175829089\"><div class=\"wpb_wrapper\"><h2 style=\"font-size: 2.5rem;text-align: left\" class=\"vc_custom_heading vc_custom_1534860853245\" >DOMANDE?<\/h2>\n\t<div class=\"wpb_text_column wpb_content_element\" >\n\t\t<div class=\"wpb_wrapper\">\n\t\t\t<p class=\"lead\"><span style=\"color: #111c24;\">Non esitate a contattarci tramite il modulo o per telefono.<\/span><\/p>\n<p class=\"lead\"><span style=\"color: #111c24;\">Siamo a vostra completa disposizione dalle 8:00 alle 18:30 dal luned\u00ec al venerd\u00ec<\/span><\/p>\n\n\t\t<\/div>\n\t<\/div>\n<\/div><\/div><\/div><div class=\"wpb_column vc_column_container vc_col-sm-6\"><div class=\"vc_column-inner\"><div class=\"wpb_wrapper\"><\/div><\/div><\/div><\/div><div class=\"vc_row-full-width vc_clearfix\"><\/div><div class=\"vc_row wpb_row vc_row-fluid\"><div class=\"wpb_column vc_column_container vc_col-sm-6 vc_col-has-fill\"><div class=\"vc_column-inner vc_custom_1500567886664\"><div class=\"wpb_wrapper\">\n\t<div  class=\"wpb_single_image wpb_content_element vc_align_left\">\n\t\t\n\t\t<figure class=\"wpb_wrapper vc_figure\">\n\t\t\t<div class=\"vc_single_image-wrapper   vc_box_border_grey\"><img loading=\"lazy\" decoding=\"async\" class=\"vc_single_image-img\" src=\"https:\/\/www.ecofluide.com\/wp-content\/uploads\/2018\/08\/CAST_ECOFLUIDE_LOGOS-RVB-210x35.png\" width=\"210\" height=\"35\" alt=\"CAST_ECOFLUIDE_LOGOS-RGB\" title=\"CAST_ECOFLUIDE_LOGOS-RGB\" \/><\/div>\n\t\t<\/figure>\n\t<\/div>\n<div class=\"vc_row wpb_row vc_inner vc_row-fluid\"><div class=\"wpb_column vc_column_container vc_col-sm-6\"><div class=\"vc_column-inner\"><div class=\"wpb_wrapper\"><h2 style=\"color: #ffffff;text-align: left\" class=\"vc_custom_heading\" >Europa<\/h2>\n\t<div class=\"wpb_text_column wpb_content_element  vc_custom_1576684802577\" >\n\t\t<div class=\"wpb_wrapper\">\n\t\t\t<p><span style=\"color: #ffffff;\"><strong>CATS ECOFLUIDE<\/strong><br \/>\n56 rue Calmette et Gu\u00e9rin<br \/>\n78500 Sartrouville - Francia<\/span><\/p>\n<p><span style=\"color: #ffffff;\"><a href=\"mailto:contact@ecofluide.com\">contact@ecofluide.com<\/a><\/span><\/p>\n<p><span style=\"color: #ffffff;\">Tel: +33 (0) 1 30 86 74 20<\/span><br \/>\n<span style=\"color: #ffffff;\">Fax: +33 (0) 1 39 13 55 16<\/span><\/p>\n\n\t\t<\/div>\n\t<\/div>\n<\/div><\/div><\/div><div class=\"wpb_column vc_column_container vc_col-sm-6\"><div class=\"vc_column-inner\"><div class=\"wpb_wrapper\"><h2 style=\"color: #ffffff;text-align: left\" class=\"vc_custom_heading\" >Asia<\/h2>\n\t<div class=\"wpb_text_column wpb_content_element  vc_custom_1578989194771\" >\n\t\t<div class=\"wpb_wrapper\">\n\t\t\t<p><span style=\"color: #ffffff;\"><strong>HAIMEN ECOFLUIDE Filtration Equipment Co., Ltd.<\/strong><br \/>\nSala 1606, n. 4, Lane 299<br \/>\nWest Jiang Chang Road<br \/>\nDistretto di Zhabei<br \/>\nShanghai 200436<\/span><\/p>\n<p><span style=\"color: #ffffff;\"><a href=\"http:\/\/www.ecofluide.cn\/ek\/en\/\">SITO WEB<\/a><\/span><br \/>\n<span style=\"color: #ffffff;\"><a href=\"mailto:contact@ecofluide.cn\">contact@ecofluide.cn<\/a><\/span><\/p>\n<p><span style=\"color: #ffffff;\">Tel: +86 (0) 21 3632 1632<\/span><br \/>\n<span style=\"color: #ffffff;\">Fax: +86 (0) 21 3632 1630<\/span><\/p>\n\n\t\t<\/div>\n\t<\/div>\n<\/div><\/div><\/div><\/div><div class=\"wpb_gmaps_widget wpb_content_element vc_map_responsive vc_custom_1537144146120\"><div class=\"wpb_wrapper\"><div class=\"wpb_map_wraper\"><iframe loading=\"lazy\" src=\"https:\/\/www.google.com\/maps\/embed?pb=!1m14!1m8!1m3!1d5240.372618295259!2d2.1929545!3d48.9499382!3m2!1i1024!2i768!4f13.1!3m3!1m2!1s0x0%3A0xe3d6105d56cf8fd!2sEcofluide!5e0!3m2!1sfr!2sfr!4v1537144102125\" width=\"600\" height=\"450\" frameborder=\"0\" style=\"border:0\" allowfullscreen><\/iframe><\/div><\/div><\/div><\/div><\/div><\/div><div class=\"wpb_column vc_column_container vc_col-sm-6\"><div class=\"vc_column-inner vc_custom_1500635185170\"><div class=\"wpb_wrapper\"><h2 style=\"font-size: 2.5rem;text-align: left\" class=\"vc_custom_heading vc_custom_1534860825546\" >Modulo di contatto<\/h2>\n<div class=\"wpcf7 no-js\" id=\"wpcf7-f99-o1\" lang=\"en-US\" dir=\"ltr\">\n<div class=\"screen-reader-response\"><p role=\"status\" aria-live=\"polite\" aria-atomic=\"true\"><\/p> <ul><\/ul><\/div>\n<form action=\"\/it\/wp-json\/wp\/v2\/pages\/624#wpcf7-f99-o1\" method=\"post\" class=\"wpcf7-form init\" aria-label=\"Contact form\" novalidate=\"novalidate\" data-status=\"init\" data-trp-original-action=\"\/it\/wp-json\/wp\/v2\/pages\/624#wpcf7-f99-o1\">\n<div style=\"display: none;\">\n<input type=\"hidden\" name=\"_wpcf7\" value=\"99\" \/>\n<input type=\"hidden\" name=\"_wpcf7_version\" value=\"5.9.6\" \/>\n<input type=\"hidden\" name=\"_wpcf7_locale\" value=\"en_US\" \/>\n<input type=\"hidden\" name=\"_wpcf7_unit_tag\" value=\"wpcf7-f99-o1\" \/>\n<input type=\"hidden\" name=\"_wpcf7_container_post\" value=\"0\" \/>\n<input type=\"hidden\" name=\"_wpcf7_posted_data_hash\" value=\"\" \/>\n<input type=\"hidden\" name=\"_wpcf7_recaptcha_response\" value=\"\" \/>\n<\/div>\n<div class=\"row\">\n\t<div class=\"col-md-6\">\n\t\t<p><label>Nome<\/label><br \/>\n<span class=\"wpcf7-form-control-wrap\" data-name=\"your-name\"><input size=\"40\" maxlength=\"80\" class=\"wpcf7-form-control wpcf7-text wpcf7-validates-as-required\" aria-required=\"true\" aria-invalid=\"false\" value=\"\" type=\"text\" name=\"your-name\" \/><\/span>\n\t\t<\/p>\n\t<\/div>\n\t<div class=\"col-md-6\">\n\t\t<p><label>E-mail<\/label><br \/>\n<span class=\"wpcf7-form-control-wrap\" data-name=\"email\"><input size=\"40\" maxlength=\"80\" class=\"wpcf7-form-control wpcf7-email wpcf7-validates-as-required wpcf7-text wpcf7-validates-as-email\" aria-required=\"true\" aria-invalid=\"false\" value=\"\" type=\"email\" name=\"email\" \/><\/span>\n\t\t<\/p>\n\t<\/div>\n<\/div>\n<div class=\"row\">\n\t<div class=\"col-md-6\">\n\t\t<p><label>Telefono<\/label><br \/>\n<span class=\"wpcf7-form-control-wrap\" data-name=\"phone\"><input size=\"40\" maxlength=\"80\" class=\"wpcf7-form-control wpcf7-tel wpcf7-text wpcf7-validates-as-tel\" aria-invalid=\"false\" value=\"\" type=\"tel\" name=\"phone\" \/><\/span>\n\t\t<\/p>\n\t<\/div>\n\t<div class=\"col-md-6\">\n\t\t<p><label>Azienda<\/label><br \/>\n<span class=\"wpcf7-form-control-wrap\" data-name=\"company\"><input size=\"40\" maxlength=\"80\" class=\"wpcf7-form-control wpcf7-text\" aria-invalid=\"false\" value=\"\" type=\"text\" name=\"company\" \/><\/span>\n\t\t<\/p>\n\t<\/div>\n<\/div>\n<p><label>Oggetto<\/label><br \/>\n<span class=\"wpcf7-form-control-wrap\" data-name=\"Sujet\"><input size=\"40\" maxlength=\"80\" class=\"wpcf7-form-control wpcf7-text\" aria-invalid=\"false\" value=\"\" type=\"text\" name=\"Sujet\" \/><\/span><br \/>\n<label>Messaggio<\/label><br \/>\n<span class=\"wpcf7-form-control-wrap\" data-name=\"message\"><textarea cols=\"40\" rows=\"10\" maxlength=\"400\" class=\"wpcf7-form-control wpcf7-textarea\" aria-invalid=\"false\" name=\"message\"><\/textarea><\/span><br \/>\n<span class=\"wpcf7-form-control-wrap recaptcha\" data-name=\"recaptcha\"><span data-sitekey=\"6LcDDdIUAAAAABoq_aKChQ_J9iFsVkrRzPw6LYZi\" class=\"wpcf7-form-control wpcf7-recaptcha g-recaptcha\"><\/span>\r\n<noscript>\r\n\t<div class=\"grecaptcha-noscript\">\r\n\t\t<iframe loading=\"lazy\" src=\"https:\/\/www.google.com\/recaptcha\/api\/fallback?k=6LcDDdIUAAAAABoq_aKChQ_J9iFsVkrRzPw6LYZi\" frameborder=\"0\" scrolling=\"no\" width=\"310\" height=\"430\">\r\n\t\t<\/iframe>\r\n\t\t<textarea name=\"g-recaptcha-response\" rows=\"3\" cols=\"40\" placeholder=\"reCaptcha Response Here\">\r\n\t\t<\/textarea>\r\n\t<\/div>\r\n<\/noscript>\r\n<\/span>\n<\/p>\n<div class=\"spacer-10\">\n<\/div>\n<p><input class=\"wpcf7-form-control wpcf7-submit has-spinner\" type=\"submit\" value=\"mandare\" \/>\n<\/p><p style=\"display: none !important;\" class=\"akismet-fields-container\" data-prefix=\"_wpcf7_ak_\"><label>&#916;<textarea name=\"_wpcf7_ak_hp_textarea\" cols=\"45\" rows=\"8\" maxlength=\"100\"><\/textarea><\/label><input type=\"hidden\" id=\"ak_js_1\" name=\"_wpcf7_ak_js\" value=\"162\"\/><script>document.getElementById( \"ak_js_1\" ).setAttribute( \"value\", ( new Date() ).getTime() );<\/script><\/p><div class=\"wpcf7-response-output\" aria-hidden=\"true\"><\/div>\n<input type=\"hidden\" name=\"trp-form-language\" value=\"it\"\/><\/form>\n<\/div>\n<\/div><\/div><\/div><\/div>","protected":false},"excerpt":{"rendered":"UNE QUESTION ? N'h\u00e9sitez pas \u00e0 nous contacter via le formulaire de contact ou par t\u00e9l\u00e9phone. Nous sommes \u00e0 votre disposition de 8h00 \u00e0 18h30 du lundi au vendredi Europe CATS ECOFLUIDE 56 rue Calmette et Gu\u00e9rin 78500 Sartrouville - France contact@ecofluide.com T\u00e9l : +33 (0) 1 30 86 74 20 Fax : +33 (0) 1 39 13 55 16 Asie HAIMEN ECOFLUIDE Filtration Equipment Co., Ltd. Room 1606, No. 4, Lane 299 West Jiang Chang Road Zhabei District Shanghai 200436 WEBSITE contact@ecofluide.cn T\u00e9l : +86 (0)21 3632 1632 Fax : +86 (0)21 3632 1630 Formulaire de contact Votre nom Votre e-mail Votre t\u00e9l\u00e9phone Soci\u00e9t\u00e9 Objet Votre message &#916;","protected":false},"author":1,"featured_media":0,"parent":0,"menu_order":70,"comment_status":"closed","ping_status":"closed","template":"","meta":{"footnotes":""},"_links":{"self":[{"href":"https:\/\/www.ecofluide.com\/it\/wp-json\/wp\/v2\/pages\/624"}],"collection":[{"href":"https:\/\/www.ecofluide.com\/it\/wp-json\/wp\/v2\/pages"}],"about":[{"href":"https:\/\/www.ecofluide.com\/it\/wp-json\/wp\/v2\/types\/page"}],"author":[{"embeddable":true,"href":"https:\/\/www.ecofluide.com\/it\/wp-json\/wp\/v2\/users\/1"}],"replies":[{"embeddable":true,"href":"https:\/\/www.ecofluide.com\/it\/wp-json\/wp\/v2\/comments?post=624"}],"version-history":[{"count":53,"href":"https:\/\/www.ecofluide.com\/it\/wp-json\/wp\/v2\/pages\/624\/revisions"}],"predecessor-version":[{"id":1377,"href":"https:\/\/www.ecofluide.com\/it\/wp-json\/wp\/v2\/pages\/624\/revisions\/1377"}],"wp:attachment":[{"href":"https:\/\/www.ecofluide.com\/it\/wp-json\/wp\/v2\/media?parent=624"}],"curies":[{"name":"wp","href":"https:\/\/api.w.org\/{rel}","templated":true}]}}