{"id":986,"date":"2018-09-17T03:25:02","date_gmt":"2018-09-17T01:25:02","guid":{"rendered":"https:\/\/www.ecofluide.com\/?page_id=986"},"modified":"2020-01-13T22:54:44","modified_gmt":"2020-01-13T21:54:44","slug":"implantations","status":"publish","type":"page","link":"https:\/\/www.ecofluide.com\/it\/presentation\/implantations\/","title":{"rendered":"Implanti"},"content":{"rendered":"<div class=\"vc_row wpb_row vc_row-fluid\"><div class=\"wpb_column vc_column_container vc_col-sm-12\"><div class=\"vc_column-inner\"><div class=\"wpb_wrapper\"><h2 style=\"font-size: 2.5rem;text-align: left\" class=\"vc_custom_heading\" >VICINO ALLE VOSTRE ESIGENZE<\/h2>\n\t<div class=\"wpb_text_column wpb_content_element\" >\n\t\t<div class=\"wpb_wrapper\">\n\t\t\t<p class=\"p1\"><span class=\"s1\"><strong>Cats Ecofluide<\/strong> \u00e8 presente e gestisce 16 agenzie in Francia e nel mondo<\/span><\/p>\n\n\t\t<\/div>\n\t<\/div>\n\n\t<div class=\"wpb_text_column wpb_content_element\" >\n\t\t<div class=\"wpb_wrapper\">\n\t\t\t<p><iframe loading=\"lazy\" src=\"https:\/\/www.google.com\/maps\/d\/u\/0\/embed?mid=1DNwZ7geov3o8OQJTZ2aiX0UH6wOEtWp-\" width=\"100%\" height=\"480\"><\/iframe><\/p>\n\n\t\t<\/div>\n\t<\/div>\n<\/div><\/div><\/div><\/div>","protected":false},"excerpt":{"rendered":"AU PLUS PR\u00c8S DE VOS BESOINS Cats Ecofluide exploite et maintient 16 agences r\u00e9parties en France M\u00e9tropolitaine et dans le monde.","protected":false},"author":1,"featured_media":902,"parent":616,"menu_order":30,"comment_status":"closed","ping_status":"closed","template":"","meta":{"footnotes":""},"_links":{"self":[{"href":"https:\/\/www.ecofluide.com\/it\/wp-json\/wp\/v2\/pages\/986"}],"collection":[{"href":"https:\/\/www.ecofluide.com\/it\/wp-json\/wp\/v2\/pages"}],"about":[{"href":"https:\/\/www.ecofluide.com\/it\/wp-json\/wp\/v2\/types\/page"}],"author":[{"embeddable":true,"href":"https:\/\/www.ecofluide.com\/it\/wp-json\/wp\/v2\/users\/1"}],"replies":[{"embeddable":true,"href":"https:\/\/www.ecofluide.com\/it\/wp-json\/wp\/v2\/comments?post=986"}],"version-history":[{"count":9,"href":"https:\/\/www.ecofluide.com\/it\/wp-json\/wp\/v2\/pages\/986\/revisions"}],"predecessor-version":[{"id":1374,"href":"https:\/\/www.ecofluide.com\/it\/wp-json\/wp\/v2\/pages\/986\/revisions\/1374"}],"up":[{"embeddable":true,"href":"https:\/\/www.ecofluide.com\/it\/wp-json\/wp\/v2\/pages\/616"}],"wp:featuredmedia":[{"embeddable":true,"href":"https:\/\/www.ecofluide.com\/it\/wp-json\/wp\/v2\/media\/902"}],"wp:attachment":[{"href":"https:\/\/www.ecofluide.com\/it\/wp-json\/wp\/v2\/media?parent=986"}],"curies":[{"name":"wp","href":"https:\/\/api.w.org\/{rel}","templated":true}]}}